{"id":486,"date":"2019-12-16T13:41:25","date_gmt":"2019-12-16T13:41:25","guid":{"rendered":"https:\/\/demosites.io\/industrial\/?page_id=8"},"modified":"2023-07-19T08:26:25","modified_gmt":"2023-07-19T08:26:25","slug":"contacto","status":"publish","type":"page","link":"https:\/\/instaventventanas.es\/gl\/contacto\/","title":{"rendered":"Contacto"},"content":{"rendered":"<div data-elementor-type=\"wp-page\" data-elementor-id=\"486\" class=\"elementor elementor-486\">\n\t\t\t\t\t\t<section class=\"elementor-section elementor-top-section elementor-element elementor-element-490aada elementor-section-height-min-height elementor-section-boxed elementor-section-height-default elementor-section-items-middle\" data-id=\"490aada\" data-element_type=\"section\" data-settings=\"{&quot;background_background&quot;:&quot;classic&quot;}\">\n\t\t\t\t\t\t\t<div class=\"elementor-background-overlay\"><\/div>\n\t\t\t\t\t\t\t<div class=\"elementor-container elementor-column-gap-default\">\n\t\t\t\t\t<div class=\"elementor-column elementor-col-100 elementor-top-column elementor-element elementor-element-343db8a\" data-id=\"343db8a\" data-element_type=\"column\">\n\t\t\t<div class=\"elementor-widget-wrap elementor-element-populated\">\n\t\t\t\t\t\t<div class=\"elementor-element elementor-element-8754a40 elementor-widget elementor-widget-heading\" data-id=\"8754a40\" data-element_type=\"widget\" data-widget_type=\"heading.default\">\n\t\t\t\t<div class=\"elementor-widget-container\">\n\t\t\t\t\t<h1 class=\"elementor-heading-title elementor-size-default\">Contacto<\/h1>\t\t\t\t<\/div>\n\t\t\t\t<\/div>\n\t\t\t\t\t<\/div>\n\t\t<\/div>\n\t\t\t\t\t<\/div>\n\t\t<\/section>\n\t\t\t\t<section class=\"elementor-section elementor-top-section elementor-element elementor-element-f401947 elementor-section-boxed elementor-section-height-default elementor-section-height-default\" data-id=\"f401947\" data-element_type=\"section\" data-settings=\"{&quot;background_background&quot;:&quot;classic&quot;}\">\n\t\t\t\t\t\t\t<div class=\"elementor-background-overlay\"><\/div>\n\t\t\t\t\t\t\t<div class=\"elementor-container elementor-column-gap-default\">\n\t\t\t\t\t<div class=\"elementor-column elementor-col-100 elementor-top-column elementor-element elementor-element-f180453\" data-id=\"f180453\" data-element_type=\"column\" data-settings=\"{&quot;background_background&quot;:&quot;classic&quot;}\">\n\t\t\t<div class=\"elementor-widget-wrap elementor-element-populated\">\n\t\t\t\t\t\t<div class=\"elementor-element elementor-element-c6f78a7 elementor-widget elementor-widget-spacer\" data-id=\"c6f78a7\" data-element_type=\"widget\" data-widget_type=\"spacer.default\">\n\t\t\t\t<div class=\"elementor-widget-container\">\n\t\t\t\t\t\t\t<div class=\"elementor-spacer\">\n\t\t\t<div class=\"elementor-spacer-inner\"><\/div>\n\t\t<\/div>\n\t\t\t\t\t\t<\/div>\n\t\t\t\t<\/div>\n\t\t\t\t<section class=\"elementor-section elementor-inner-section elementor-element elementor-element-ac4e601 elementor-section-boxed elementor-section-height-default elementor-section-height-default\" data-id=\"ac4e601\" data-element_type=\"section\">\n\t\t\t\t\t\t<div class=\"elementor-container elementor-column-gap-default\">\n\t\t\t\t\t<div class=\"elementor-column elementor-col-50 elementor-inner-column elementor-element elementor-element-d8d40da\" data-id=\"d8d40da\" data-element_type=\"column\" data-settings=\"{&quot;background_background&quot;:&quot;classic&quot;}\">\n\t\t\t<div class=\"elementor-widget-wrap elementor-element-populated\">\n\t\t\t\t\t\t<div class=\"elementor-element elementor-element-edd6ffe elementor-widget elementor-widget-heading\" data-id=\"edd6ffe\" data-element_type=\"widget\" data-widget_type=\"heading.default\">\n\t\t\t\t<div class=\"elementor-widget-container\">\n\t\t\t\t\t<h3 class=\"elementor-heading-title elementor-size-default\">Negreira<\/h3>\t\t\t\t<\/div>\n\t\t\t\t<\/div>\n\t\t\t\t<div class=\"elementor-element elementor-element-f26399e elementor-icon-list--layout-traditional elementor-list-item-link-full_width elementor-widget elementor-widget-icon-list\" data-id=\"f26399e\" data-element_type=\"widget\" data-widget_type=\"icon-list.default\">\n\t\t\t\t<div class=\"elementor-widget-container\">\n\t\t\t\t\t\t\t<ul class=\"elementor-icon-list-items\">\n\t\t\t\t\t\t\t<li class=\"elementor-icon-list-item\">\n\t\t\t\t\t\t\t\t\t\t\t<span class=\"elementor-icon-list-icon\">\n\t\t\t\t\t\t\t<i aria-hidden=\"true\" class=\"fas fa-map-marker-alt\"><\/i>\t\t\t\t\t\t<\/span>\n\t\t\t\t\t\t\t\t\t\t<span class=\"elementor-icon-list-text\">Av. Santiago 54 Pl. Bj.<\/span>\n\t\t\t\t\t\t\t\t\t<\/li>\n\t\t\t\t\t\t\t\t<li class=\"elementor-icon-list-item\">\n\t\t\t\t\t\t\t\t\t\t\t<span class=\"elementor-icon-list-icon\">\n\t\t\t\t\t\t\t<i aria-hidden=\"true\" class=\"fas fa-phone-alt\"><\/i>\t\t\t\t\t\t<\/span>\n\t\t\t\t\t\t\t\t\t\t<span class=\"elementor-icon-list-text\">686 77 06 95<\/span>\n\t\t\t\t\t\t\t\t\t<\/li>\n\t\t\t\t\t\t\t\t<li class=\"elementor-icon-list-item\">\n\t\t\t\t\t\t\t\t\t\t\t<span class=\"elementor-icon-list-icon\">\n\t\t\t\t\t\t\t<i aria-hidden=\"true\" class=\"fas fa-envelope\"><\/i>\t\t\t\t\t\t<\/span>\n\t\t\t\t\t\t\t\t\t\t<span class=\"elementor-icon-list-text\">julio@instaventventanas.com<\/span>\n\t\t\t\t\t\t\t\t\t<\/li>\n\t\t\t\t\t\t<\/ul>\n\t\t\t\t\t\t<\/div>\n\t\t\t\t<\/div>\n\t\t\t\t<div class=\"elementor-element elementor-element-9c75834 elementor-widget-divider--view-line elementor-widget elementor-widget-divider\" data-id=\"9c75834\" data-element_type=\"widget\" data-widget_type=\"divider.default\">\n\t\t\t\t<div class=\"elementor-widget-container\">\n\t\t\t\t\t\t\t<div class=\"elementor-divider\">\n\t\t\t<span class=\"elementor-divider-separator\">\n\t\t\t\t\t\t<\/span>\n\t\t<\/div>\n\t\t\t\t\t\t<\/div>\n\t\t\t\t<\/div>\n\t\t\t\t<div class=\"elementor-element elementor-element-4ecb44c elementor-widget elementor-widget-google_maps\" data-id=\"4ecb44c\" data-element_type=\"widget\" data-widget_type=\"google_maps.default\">\n\t\t\t\t<div class=\"elementor-widget-container\">\n\t\t\t\t\t\t\t<div class=\"elementor-custom-embed\">\n\t\t\t<iframe loading=\"lazy\"\n\t\t\t\t\tsrc=\"https:\/\/maps.google.com\/maps?q=Instavent%20ventanas%2C%20Negreira&#038;t=m&#038;z=14&#038;output=embed&#038;iwloc=near\"\n\t\t\t\t\ttitle=\"Instavent ventanas, Negreira\"\n\t\t\t\t\taria-label=\"Instavent ventanas, Negreira\"\n\t\t\t><\/iframe>\n\t\t<\/div>\n\t\t\t\t\t\t<\/div>\n\t\t\t\t<\/div>\n\t\t\t\t\t<\/div>\n\t\t<\/div>\n\t\t\t\t<div class=\"elementor-column elementor-col-50 elementor-inner-column elementor-element elementor-element-3b808fc\" data-id=\"3b808fc\" data-element_type=\"column\" data-settings=\"{&quot;background_background&quot;:&quot;classic&quot;}\">\n\t\t\t<div class=\"elementor-widget-wrap elementor-element-populated\">\n\t\t\t\t\t\t<div class=\"elementor-element elementor-element-225988d elementor-widget elementor-widget-heading\" data-id=\"225988d\" data-element_type=\"widget\" data-widget_type=\"heading.default\">\n\t\t\t\t<div class=\"elementor-widget-container\">\n\t\t\t\t\t<h2 class=\"elementor-heading-title elementor-size-default\">P\u00f3\u00f1ase en contacto connosco<\/h2>\t\t\t\t<\/div>\n\t\t\t\t<\/div>\n\t\t\t\t<div class=\"elementor-element elementor-element-02f005b text-normal elementor-widget elementor-widget-heading\" data-id=\"02f005b\" data-element_type=\"widget\" data-widget_type=\"heading.default\">\n\t\t\t\t<div class=\"elementor-widget-container\">\n\t\t\t\t\t<span class=\"elementor-heading-title elementor-size-default\">Env\u00edanos as t\u00faas preguntas ou calquera solicitude que te\u00f1as. Tam\u00e9n podes contactar connosco por tel\u00e9fono.<\/span>\t\t\t\t<\/div>\n\t\t\t\t<\/div>\n\t\t\t\t\t<\/div>\n\t\t<\/div>\n\t\t\t\t\t<\/div>\n\t\t<\/section>\n\t\t\t\t\t<\/div>\n\t\t<\/div>\n\t\t\t\t\t<\/div>\n\t\t<\/section>\n\t\t\t\t<\/div>","protected":false},"excerpt":{"rendered":"<p>Contacto Negreira Av. Santiago 54 Pl. Bj. 686 77 06 95 julio@instaventventanas.com Ponte en contacto con nosotros Envianos tus dudas o cualquier petici\u00f3n que tengas. Tambi\u00e9n puedes contactarnos por tel\u00e9fono. Enviar mensaje<\/p>","protected":false},"author":1,"featured_media":0,"parent":0,"menu_order":0,"comment_status":"closed","ping_status":"closed","template":"page-templates\/template-pagebuilder-full-width.php","meta":{"neve_meta_sidebar":"full-width","neve_meta_container":"default","neve_meta_enable_content_width":"on","neve_meta_content_width":100,"neve_meta_title_alignment":"","neve_meta_author_avatar":"","neve_post_elements_order":"","neve_meta_disable_header":"off","neve_meta_disable_footer":"off","neve_meta_disable_title":"off","neve_meta_reading_time":"","_ti_tpc_template_sync":false,"_ti_tpc_template_id":"lo3ru6i3fopbr0ixjfoq","footnotes":""},"class_list":["post-486","page","type-page","status-publish","hentry"],"yoast_head":"<!-- This site is optimized with the Yoast SEO plugin v20.11 - https:\/\/yoast.com\/wordpress\/plugins\/seo\/ -->\n<title>Contacto - Instavent Ventanas<\/title>\n<meta name=\"robots\" content=\"index, follow, max-snippet:-1, max-image-preview:large, max-video-preview:-1\" \/>\n<link rel=\"canonical\" href=\"https:\/\/instaventventanas.es\/gl\/contacto\/\" \/>\n<meta property=\"og:locale\" content=\"gl_ES\" \/>\n<meta property=\"og:type\" content=\"article\" \/>\n<meta property=\"og:title\" content=\"Contacto - Instavent Ventanas\" \/>\n<meta property=\"og:description\" content=\"Contacto Negreira Av. Santiago 54 Pl. Bj. 686 77 06 95 julio@instaventventanas.com Ponte en contacto con nosotros Envianos tus dudas o cualquier petici\u00f3n que tengas. Tambi\u00e9n puedes contactarnos por tel\u00e9fono. Enviar mensaje\" \/>\n<meta property=\"og:url\" content=\"https:\/\/instaventventanas.es\/gl\/contacto\/\" \/>\n<meta property=\"og:site_name\" content=\"Instavent Ventanas\" \/>\n<meta property=\"article:modified_time\" content=\"2023-07-19T08:26:25+00:00\" \/>\n<meta name=\"twitter:card\" content=\"summary_large_image\" \/>\n<script type=\"application\/ld+json\" class=\"yoast-schema-graph\">{\"@context\":\"https:\/\/schema.org\",\"@graph\":[{\"@type\":\"WebPage\",\"@id\":\"https:\/\/instaventventanas.es\/contacto\/\",\"url\":\"https:\/\/instaventventanas.es\/contacto\/\",\"name\":\"Contacto - Instavent Ventanas\",\"isPartOf\":{\"@id\":\"https:\/\/instaventventanas.es\/#website\"},\"datePublished\":\"2019-12-16T13:41:25+00:00\",\"dateModified\":\"2023-07-19T08:26:25+00:00\",\"breadcrumb\":{\"@id\":\"https:\/\/instaventventanas.es\/contacto\/#breadcrumb\"},\"inLanguage\":\"gl-ES\",\"potentialAction\":[{\"@type\":\"ReadAction\",\"target\":[\"https:\/\/instaventventanas.es\/contacto\/\"]}]},{\"@type\":\"BreadcrumbList\",\"@id\":\"https:\/\/instaventventanas.es\/contacto\/#breadcrumb\",\"itemListElement\":[{\"@type\":\"ListItem\",\"position\":1,\"name\":\"Portada\",\"item\":\"https:\/\/instaventventanas.es\/\"},{\"@type\":\"ListItem\",\"position\":2,\"name\":\"Contacto\"}]},{\"@type\":\"WebSite\",\"@id\":\"https:\/\/instaventventanas.es\/#website\",\"url\":\"https:\/\/instaventventanas.es\/\",\"name\":\"Instavent Ventanas\",\"description\":\"Instavent Ventanas\",\"publisher\":{\"@id\":\"https:\/\/instaventventanas.es\/#organization\"},\"potentialAction\":[{\"@type\":\"SearchAction\",\"target\":{\"@type\":\"EntryPoint\",\"urlTemplate\":\"https:\/\/instaventventanas.es\/?s={search_term_string}\"},\"query-input\":\"required name=search_term_string\"}],\"inLanguage\":\"gl-ES\"},{\"@type\":\"Organization\",\"@id\":\"https:\/\/instaventventanas.es\/#organization\",\"name\":\"Instavent Ventanas\",\"url\":\"https:\/\/instaventventanas.es\/\",\"logo\":{\"@type\":\"ImageObject\",\"inLanguage\":\"gl-ES\",\"@id\":\"https:\/\/instaventventanas.es\/#\/schema\/logo\/image\/\",\"url\":\"http:\/\/instaventventanas.es\/wp-content\/uploads\/2023\/05\/LOGO-1-1.jpg\",\"contentUrl\":\"http:\/\/instaventventanas.es\/wp-content\/uploads\/2023\/05\/LOGO-1-1.jpg\",\"width\":1008,\"height\":652,\"caption\":\"Instavent Ventanas\"},\"image\":{\"@id\":\"https:\/\/instaventventanas.es\/#\/schema\/logo\/image\/\"}}]}<\/script>\n<!-- \/ Yoast SEO plugin. -->","yoast_head_json":{"title":"Contacto - Instavent Ventanas","robots":{"index":"index","follow":"follow","max-snippet":"max-snippet:-1","max-image-preview":"max-image-preview:large","max-video-preview":"max-video-preview:-1"},"canonical":"https:\/\/instaventventanas.es\/gl\/contacto\/","og_locale":"gl_ES","og_type":"article","og_title":"Contacto - Instavent Ventanas","og_description":"Contacto Negreira Av. Santiago 54 Pl. Bj. 686 77 06 95 julio@instaventventanas.com Ponte en contacto con nosotros Envianos tus dudas o cualquier petici\u00f3n que tengas. Tambi\u00e9n puedes contactarnos por tel\u00e9fono. Enviar mensaje","og_url":"https:\/\/instaventventanas.es\/gl\/contacto\/","og_site_name":"Instavent Ventanas","article_modified_time":"2023-07-19T08:26:25+00:00","twitter_card":"summary_large_image","schema":{"@context":"https:\/\/schema.org","@graph":[{"@type":"WebPage","@id":"https:\/\/instaventventanas.es\/contacto\/","url":"https:\/\/instaventventanas.es\/contacto\/","name":"Contacto - Instavent Ventanas","isPartOf":{"@id":"https:\/\/instaventventanas.es\/#website"},"datePublished":"2019-12-16T13:41:25+00:00","dateModified":"2023-07-19T08:26:25+00:00","breadcrumb":{"@id":"https:\/\/instaventventanas.es\/contacto\/#breadcrumb"},"inLanguage":"gl-ES","potentialAction":[{"@type":"ReadAction","target":["https:\/\/instaventventanas.es\/contacto\/"]}]},{"@type":"BreadcrumbList","@id":"https:\/\/instaventventanas.es\/contacto\/#breadcrumb","itemListElement":[{"@type":"ListItem","position":1,"name":"Portada","item":"https:\/\/instaventventanas.es\/"},{"@type":"ListItem","position":2,"name":"Contacto"}]},{"@type":"WebSite","@id":"https:\/\/instaventventanas.es\/#website","url":"https:\/\/instaventventanas.es\/","name":"Instavent Ventanas","description":"Instavent Ventanas","publisher":{"@id":"https:\/\/instaventventanas.es\/#organization"},"potentialAction":[{"@type":"SearchAction","target":{"@type":"EntryPoint","urlTemplate":"https:\/\/instaventventanas.es\/?s={search_term_string}"},"query-input":"required name=search_term_string"}],"inLanguage":"gl-ES"},{"@type":"Organization","@id":"https:\/\/instaventventanas.es\/#organization","name":"Instavent Ventanas","url":"https:\/\/instaventventanas.es\/","logo":{"@type":"ImageObject","inLanguage":"gl-ES","@id":"https:\/\/instaventventanas.es\/#\/schema\/logo\/image\/","url":"http:\/\/instaventventanas.es\/wp-content\/uploads\/2023\/05\/LOGO-1-1.jpg","contentUrl":"http:\/\/instaventventanas.es\/wp-content\/uploads\/2023\/05\/LOGO-1-1.jpg","width":1008,"height":652,"caption":"Instavent Ventanas"},"image":{"@id":"https:\/\/instaventventanas.es\/#\/schema\/logo\/image\/"}}]}},"_links":{"self":[{"href":"https:\/\/instaventventanas.es\/gl\/wp-json\/wp\/v2\/pages\/486","targetHints":{"allow":["GET"]}}],"collection":[{"href":"https:\/\/instaventventanas.es\/gl\/wp-json\/wp\/v2\/pages"}],"about":[{"href":"https:\/\/instaventventanas.es\/gl\/wp-json\/wp\/v2\/types\/page"}],"author":[{"embeddable":true,"href":"https:\/\/instaventventanas.es\/gl\/wp-json\/wp\/v2\/users\/1"}],"replies":[{"embeddable":true,"href":"https:\/\/instaventventanas.es\/gl\/wp-json\/wp\/v2\/comments?post=486"}],"version-history":[{"count":14,"href":"https:\/\/instaventventanas.es\/gl\/wp-json\/wp\/v2\/pages\/486\/revisions"}],"predecessor-version":[{"id":546,"href":"https:\/\/instaventventanas.es\/gl\/wp-json\/wp\/v2\/pages\/486\/revisions\/546"}],"wp:attachment":[{"href":"https:\/\/instaventventanas.es\/gl\/wp-json\/wp\/v2\/media?parent=486"}],"curies":[{"name":"wp","href":"https:\/\/api.w.org\/{rel}","templated":true}]}}