{"id":485,"date":"2019-12-16T13:41:02","date_gmt":"2019-12-16T13:41:02","guid":{"rendered":"https:\/\/demosites.io\/industrial\/?page_id=7"},"modified":"2023-10-16T20:26:47","modified_gmt":"2023-10-16T20:26:47","slug":"servicios","status":"publish","type":"page","link":"https:\/\/instaventventanas.es\/gl\/servicios\/","title":{"rendered":"Servizos"},"content":{"rendered":"<div data-elementor-type=\"wp-page\" data-elementor-id=\"485\" class=\"elementor elementor-485\">\n\t\t\t\t\t\t<section class=\"elementor-section elementor-top-section elementor-element elementor-element-171467d elementor-section-height-min-height elementor-section-boxed elementor-section-height-default elementor-section-items-middle\" data-id=\"171467d\" data-element_type=\"section\" data-settings=\"{&quot;background_background&quot;:&quot;classic&quot;}\">\n\t\t\t\t\t\t\t<div class=\"elementor-background-overlay\"><\/div>\n\t\t\t\t\t\t\t<div class=\"elementor-container elementor-column-gap-default\">\n\t\t\t\t\t<div class=\"elementor-column elementor-col-50 elementor-top-column elementor-element elementor-element-d58215c\" data-id=\"d58215c\" data-element_type=\"column\">\n\t\t\t<div class=\"elementor-widget-wrap elementor-element-populated\">\n\t\t\t\t\t\t<div class=\"elementor-element elementor-element-66fc6bb elementor-widget elementor-widget-heading\" data-id=\"66fc6bb\" data-element_type=\"widget\" data-widget_type=\"heading.default\">\n\t\t\t\t<div class=\"elementor-widget-container\">\n\t\t\t\t\t<h1 class=\"elementor-heading-title elementor-size-default\">Servizos<\/h1>\t\t\t\t<\/div>\n\t\t\t\t<\/div>\n\t\t\t\t\t<\/div>\n\t\t<\/div>\n\t\t\t\t<div class=\"elementor-column elementor-col-50 elementor-top-column elementor-element elementor-element-4f4b06b\" data-id=\"4f4b06b\" data-element_type=\"column\">\n\t\t\t<div class=\"elementor-widget-wrap\">\n\t\t\t\t\t\t\t<\/div>\n\t\t<\/div>\n\t\t\t\t\t<\/div>\n\t\t<\/section>\n\t\t\t\t<section class=\"elementor-section elementor-top-section elementor-element elementor-element-664431a elementor-section-boxed elementor-section-height-default elementor-section-height-default\" data-id=\"664431a\" data-element_type=\"section\" data-settings=\"{&quot;background_background&quot;:&quot;classic&quot;}\">\n\t\t\t\t\t\t<div class=\"elementor-container elementor-column-gap-default\">\n\t\t\t\t\t<div class=\"elementor-column elementor-col-100 elementor-top-column elementor-element elementor-element-44d7020\" data-id=\"44d7020\" data-element_type=\"column\">\n\t\t\t<div class=\"elementor-widget-wrap elementor-element-populated\">\n\t\t\t\t\t\t<section class=\"elementor-section elementor-inner-section elementor-element elementor-element-a0676b0 elementor-section-boxed elementor-section-height-default elementor-section-height-default\" data-id=\"a0676b0\" data-element_type=\"section\" data-settings=\"{&quot;background_background&quot;:&quot;classic&quot;}\">\n\t\t\t\t\t\t<div class=\"elementor-container elementor-column-gap-default\">\n\t\t\t\t\t<div class=\"elementor-column elementor-col-50 elementor-inner-column elementor-element elementor-element-8cc9fcd\" data-id=\"8cc9fcd\" data-element_type=\"column\">\n\t\t\t<div class=\"elementor-widget-wrap elementor-element-populated\">\n\t\t\t\t\t\t<div class=\"elementor-element elementor-element-31c8783 elementor-widget elementor-widget-heading\" data-id=\"31c8783\" data-element_type=\"widget\" data-widget_type=\"heading.default\">\n\t\t\t\t<div class=\"elementor-widget-container\">\n\t\t\t\t\t<p class=\"elementor-heading-title elementor-size-default\">DAMOS FORMA A TUS NECESIDADES<\/p>\t\t\t\t<\/div>\n\t\t\t\t<\/div>\n\t\t\t\t<div class=\"elementor-element elementor-element-c5bb12f elementor-widget elementor-widget-heading\" data-id=\"c5bb12f\" data-element_type=\"widget\" data-widget_type=\"heading.default\">\n\t\t\t\t<div class=\"elementor-widget-container\">\n\t\t\t\t\t<h2 class=\"elementor-heading-title elementor-size-default\">Anos de experiencia e mellora<\/h2>\t\t\t\t<\/div>\n\t\t\t\t<\/div>\n\t\t\t\t<div class=\"elementor-element elementor-element-572bb34 elementor-widget elementor-widget-spacer\" data-id=\"572bb34\" data-element_type=\"widget\" data-widget_type=\"spacer.default\">\n\t\t\t\t<div class=\"elementor-widget-container\">\n\t\t\t\t\t\t\t<div class=\"elementor-spacer\">\n\t\t\t<div class=\"elementor-spacer-inner\"><\/div>\n\t\t<\/div>\n\t\t\t\t\t\t<\/div>\n\t\t\t\t<\/div>\n\t\t\t\t\t<\/div>\n\t\t<\/div>\n\t\t\t\t<div class=\"elementor-column elementor-col-50 elementor-inner-column elementor-element elementor-element-7baed2c\" data-id=\"7baed2c\" data-element_type=\"column\">\n\t\t\t<div class=\"elementor-widget-wrap\">\n\t\t\t\t\t\t\t<\/div>\n\t\t<\/div>\n\t\t\t\t\t<\/div>\n\t\t<\/section>\n\t\t\t\t<section class=\"elementor-section elementor-inner-section elementor-element elementor-element-15928f0 elementor-section-boxed elementor-section-height-default elementor-section-height-default\" data-id=\"15928f0\" data-element_type=\"section\">\n\t\t\t\t\t\t<div class=\"elementor-container elementor-column-gap-default\">\n\t\t\t\t\t<div class=\"elementor-column elementor-col-50 elementor-inner-column elementor-element elementor-element-7895c5d\" data-id=\"7895c5d\" data-element_type=\"column\" data-settings=\"{&quot;background_background&quot;:&quot;classic&quot;}\">\n\t\t\t<div class=\"elementor-widget-wrap elementor-element-populated\">\n\t\t\t\t\t\t<div class=\"elementor-element elementor-element-29e5217 elementor-widget elementor-widget-image\" data-id=\"29e5217\" data-element_type=\"widget\" data-widget_type=\"image.default\">\n\t\t\t\t<div class=\"elementor-widget-container\">\n\t\t\t\t\t\t\t\t\t\t\t\t\t\t\t<img decoding=\"async\" src=\"https:\/\/instaventventanas.es\/wp-content\/uploads\/2023\/09\/pexels-anna-shvets-5711092-scaled.jpg\" title=\"pexels-anna-shvets-5711092\" alt=\"pexels-anna-shvets-5711092\" loading=\"lazy\" \/>\t\t\t\t\t\t\t\t\t\t\t\t\t\t\t<\/div>\n\t\t\t\t<\/div>\n\t\t\t\t<div class=\"elementor-element elementor-element-e1ed974 elementor-view-default elementor-position-top elementor-mobile-position-top elementor-widget elementor-widget-icon-box\" data-id=\"e1ed974\" data-element_type=\"widget\" data-widget_type=\"icon-box.default\">\n\t\t\t\t<div class=\"elementor-widget-container\">\n\t\t\t\t\t\t\t<div class=\"elementor-icon-box-wrapper\">\n\n\t\t\t\t\t\t<div class=\"elementor-icon-box-icon\">\n\t\t\t\t<a href=\"https:\/\/demosites.io\/neve-industrial\/neve-industrial-service-details\/\" class=\"elementor-icon\" tabindex=\"-1\" aria-label=\"Carpinter\u00eda met\u00e1lica\">\n\t\t\t\t<i aria-hidden=\"true\" class=\"fas fa-tools\"><\/i>\t\t\t\t<\/a>\n\t\t\t<\/div>\n\t\t\t\n\t\t\t\t\t\t<div class=\"elementor-icon-box-content\">\n\n\t\t\t\t\t\t\t\t\t<h3 class=\"elementor-icon-box-title\">\n\t\t\t\t\t\t<a href=\"https:\/\/demosites.io\/neve-industrial\/neve-industrial-service-details\/\" >\n\t\t\t\t\t\t\tCarpinter\u00eda met\u00e1lica\t\t\t\t\t\t<\/a>\n\t\t\t\t\t<\/h3>\n\t\t\t\t\n\t\t\t\t\n\t\t\t<\/div>\n\t\t\t\n\t\t<\/div>\n\t\t\t\t\t\t<\/div>\n\t\t\t\t<\/div>\n\t\t\t\t\t<\/div>\n\t\t<\/div>\n\t\t\t\t<div class=\"elementor-column elementor-col-50 elementor-inner-column elementor-element elementor-element-34e6d30\" data-id=\"34e6d30\" data-element_type=\"column\" data-settings=\"{&quot;background_background&quot;:&quot;classic&quot;}\">\n\t\t\t<div class=\"elementor-widget-wrap elementor-element-populated\">\n\t\t\t\t\t\t<div class=\"elementor-element elementor-element-020003d elementor-widget elementor-widget-image\" data-id=\"020003d\" data-element_type=\"widget\" data-widget_type=\"image.default\">\n\t\t\t\t<div class=\"elementor-widget-container\">\n\t\t\t\t\t\t\t\t\t\t\t\t\t\t\t<img decoding=\"async\" src=\"https:\/\/instaventventanas.es\/wp-content\/uploads\/2019\/12\/neve-industrial-demo-26.jpg\" title=\"industrial-demo-26\" alt=\"industrial-demo-26\" loading=\"lazy\" \/>\t\t\t\t\t\t\t\t\t\t\t\t\t\t\t<\/div>\n\t\t\t\t<\/div>\n\t\t\t\t<div class=\"elementor-element elementor-element-c51a83e elementor-view-default elementor-position-top elementor-mobile-position-top elementor-widget elementor-widget-icon-box\" data-id=\"c51a83e\" data-element_type=\"widget\" data-widget_type=\"icon-box.default\">\n\t\t\t\t<div class=\"elementor-widget-container\">\n\t\t\t\t\t\t\t<div class=\"elementor-icon-box-wrapper\">\n\n\t\t\t\t\t\t<div class=\"elementor-icon-box-icon\">\n\t\t\t\t<a href=\"https:\/\/demosites.io\/neve-industrial\/neve-industrial-service-details\/\" class=\"elementor-icon\" tabindex=\"-1\" aria-label=\"Ventanas de aluminio\">\n\t\t\t\t<i aria-hidden=\"true\" class=\"fas fa-building\"><\/i>\t\t\t\t<\/a>\n\t\t\t<\/div>\n\t\t\t\n\t\t\t\t\t\t<div class=\"elementor-icon-box-content\">\n\n\t\t\t\t\t\t\t\t\t<h3 class=\"elementor-icon-box-title\">\n\t\t\t\t\t\t<a href=\"https:\/\/demosites.io\/neve-industrial\/neve-industrial-service-details\/\" >\n\t\t\t\t\t\t\tVentanas de aluminio\t\t\t\t\t\t<\/a>\n\t\t\t\t\t<\/h3>\n\t\t\t\t\n\t\t\t\t\n\t\t\t<\/div>\n\t\t\t\n\t\t<\/div>\n\t\t\t\t\t\t<\/div>\n\t\t\t\t<\/div>\n\t\t\t\t\t<\/div>\n\t\t<\/div>\n\t\t\t\t\t<\/div>\n\t\t<\/section>\n\t\t\t\t<section class=\"elementor-section elementor-inner-section elementor-element elementor-element-e524f70 elementor-section-boxed elementor-section-height-default elementor-section-height-default\" data-id=\"e524f70\" data-element_type=\"section\">\n\t\t\t\t\t\t<div class=\"elementor-container elementor-column-gap-default\">\n\t\t\t\t\t<div class=\"elementor-column elementor-col-50 elementor-inner-column elementor-element elementor-element-036d88b\" data-id=\"036d88b\" data-element_type=\"column\" data-settings=\"{&quot;background_background&quot;:&quot;classic&quot;}\">\n\t\t\t<div class=\"elementor-widget-wrap elementor-element-populated\">\n\t\t\t\t\t\t<div class=\"elementor-element elementor-element-5b3b8a3 elementor-widget elementor-widget-image\" data-id=\"5b3b8a3\" data-element_type=\"widget\" data-widget_type=\"image.default\">\n\t\t\t\t<div class=\"elementor-widget-container\">\n\t\t\t\t\t\t\t\t\t\t\t\t\t\t\t<img decoding=\"async\" src=\"https:\/\/instaventventanas.es\/wp-content\/uploads\/2023\/09\/pexels-laura-tancredi-7078389-scaled.jpg\" title=\"pexels-laura-tancredi-7078389\" alt=\"pexels-laura-tancredi-7078389\" loading=\"lazy\" \/>\t\t\t\t\t\t\t\t\t\t\t\t\t\t\t<\/div>\n\t\t\t\t<\/div>\n\t\t\t\t<div class=\"elementor-element elementor-element-b0d9c9d elementor-view-default elementor-position-top elementor-mobile-position-top elementor-widget elementor-widget-icon-box\" data-id=\"b0d9c9d\" data-element_type=\"widget\" data-widget_type=\"icon-box.default\">\n\t\t\t\t<div class=\"elementor-widget-container\">\n\t\t\t\t\t\t\t<div class=\"elementor-icon-box-wrapper\">\n\n\t\t\t\t\t\t<div class=\"elementor-icon-box-icon\">\n\t\t\t\t<a href=\"https:\/\/demosites.io\/neve-industrial\/neve-industrial-service-details\/\" class=\"elementor-icon\" tabindex=\"-1\" aria-label=\"Vidros\">\n\t\t\t\t<i aria-hidden=\"true\" class=\"fas fa-ruler-combined\"><\/i>\t\t\t\t<\/a>\n\t\t\t<\/div>\n\t\t\t\n\t\t\t\t\t\t<div class=\"elementor-icon-box-content\">\n\n\t\t\t\t\t\t\t\t\t<h3 class=\"elementor-icon-box-title\">\n\t\t\t\t\t\t<a href=\"https:\/\/demosites.io\/neve-industrial\/neve-industrial-service-details\/\" >\n\t\t\t\t\t\t\tVidros\t\t\t\t\t\t<\/a>\n\t\t\t\t\t<\/h3>\n\t\t\t\t\n\t\t\t\t\n\t\t\t<\/div>\n\t\t\t\n\t\t<\/div>\n\t\t\t\t\t\t<\/div>\n\t\t\t\t<\/div>\n\t\t\t\t\t<\/div>\n\t\t<\/div>\n\t\t\t\t<div class=\"elementor-column elementor-col-50 elementor-inner-column elementor-element elementor-element-08292dc\" data-id=\"08292dc\" data-element_type=\"column\" data-settings=\"{&quot;background_background&quot;:&quot;classic&quot;}\">\n\t\t\t<div class=\"elementor-widget-wrap elementor-element-populated\">\n\t\t\t\t\t\t<div class=\"elementor-element elementor-element-8462ba7 elementor-widget elementor-widget-image\" data-id=\"8462ba7\" data-element_type=\"widget\" data-widget_type=\"image.default\">\n\t\t\t\t<div class=\"elementor-widget-container\">\n\t\t\t\t\t\t\t\t\t\t\t\t\t\t\t<img decoding=\"async\" src=\"https:\/\/instaventventanas.es\/wp-content\/uploads\/2019\/12\/neve-industrial-demo-27.jpg\" title=\"industrial-demo-27\" alt=\"industrial-demo-27\" loading=\"lazy\" \/>\t\t\t\t\t\t\t\t\t\t\t\t\t\t\t<\/div>\n\t\t\t\t<\/div>\n\t\t\t\t<div class=\"elementor-element elementor-element-496f318 elementor-view-default elementor-position-top elementor-mobile-position-top elementor-widget elementor-widget-icon-box\" data-id=\"496f318\" data-element_type=\"widget\" data-widget_type=\"icon-box.default\">\n\t\t\t\t<div class=\"elementor-widget-container\">\n\t\t\t\t\t\t\t<div class=\"elementor-icon-box-wrapper\">\n\n\t\t\t\t\t\t<div class=\"elementor-icon-box-icon\">\n\t\t\t\t<a href=\"https:\/\/demosites.io\/neve-industrial\/neve-industrial-service-details\/\" class=\"elementor-icon\" tabindex=\"-1\" aria-label=\"Portais de peche da finca\">\n\t\t\t\t<i aria-hidden=\"true\" class=\"fas fa-hard-hat\"><\/i>\t\t\t\t<\/a>\n\t\t\t<\/div>\n\t\t\t\n\t\t\t\t\t\t<div class=\"elementor-icon-box-content\">\n\n\t\t\t\t\t\t\t\t\t<h3 class=\"elementor-icon-box-title\">\n\t\t\t\t\t\t<a href=\"https:\/\/demosites.io\/neve-industrial\/neve-industrial-service-details\/\" >\n\t\t\t\t\t\t\tPortais de peche da finca\t\t\t\t\t\t<\/a>\n\t\t\t\t\t<\/h3>\n\t\t\t\t\n\t\t\t\t\n\t\t\t<\/div>\n\t\t\t\n\t\t<\/div>\n\t\t\t\t\t\t<\/div>\n\t\t\t\t<\/div>\n\t\t\t\t\t<\/div>\n\t\t<\/div>\n\t\t\t\t\t<\/div>\n\t\t<\/section>\n\t\t\t\t<section class=\"elementor-section elementor-inner-section elementor-element elementor-element-316091e elementor-section-boxed elementor-section-height-default elementor-section-height-default\" data-id=\"316091e\" data-element_type=\"section\">\n\t\t\t\t\t\t<div class=\"elementor-container elementor-column-gap-default\">\n\t\t\t\t\t<div class=\"elementor-column elementor-col-50 elementor-inner-column elementor-element elementor-element-b67031f\" data-id=\"b67031f\" data-element_type=\"column\" data-settings=\"{&quot;background_background&quot;:&quot;classic&quot;}\">\n\t\t\t<div class=\"elementor-widget-wrap elementor-element-populated\">\n\t\t\t\t\t\t<div class=\"elementor-element elementor-element-6b7c3bd elementor-widget elementor-widget-image\" data-id=\"6b7c3bd\" data-element_type=\"widget\" data-widget_type=\"image.default\">\n\t\t\t\t<div class=\"elementor-widget-container\">\n\t\t\t\t\t\t\t\t\t\t\t\t\t\t\t<img decoding=\"async\" src=\"https:\/\/instaventventanas.es\/wp-content\/uploads\/2019\/12\/neve-industrial-demo-28.jpg\" title=\"industrial-demo-28\" alt=\"industrial-demo-28\" loading=\"lazy\" \/>\t\t\t\t\t\t\t\t\t\t\t\t\t\t\t<\/div>\n\t\t\t\t<\/div>\n\t\t\t\t<div class=\"elementor-element elementor-element-071b5fb elementor-view-default elementor-position-top elementor-mobile-position-top elementor-widget elementor-widget-icon-box\" data-id=\"071b5fb\" data-element_type=\"widget\" data-widget_type=\"icon-box.default\">\n\t\t\t\t<div class=\"elementor-widget-container\">\n\t\t\t\t\t\t\t<div class=\"elementor-icon-box-wrapper\">\n\n\t\t\t\t\t\t<div class=\"elementor-icon-box-icon\">\n\t\t\t\t<a href=\"https:\/\/demosites.io\/neve-industrial\/neve-industrial-service-details\/\" class=\"elementor-icon\" tabindex=\"-1\" aria-label=\"PVC\">\n\t\t\t\t<i aria-hidden=\"true\" class=\"fas fa-ruler-combined\"><\/i>\t\t\t\t<\/a>\n\t\t\t<\/div>\n\t\t\t\n\t\t\t\t\t\t<div class=\"elementor-icon-box-content\">\n\n\t\t\t\t\t\t\t\t\t<h3 class=\"elementor-icon-box-title\">\n\t\t\t\t\t\t<a href=\"https:\/\/demosites.io\/neve-industrial\/neve-industrial-service-details\/\" >\n\t\t\t\t\t\t\tPVC\t\t\t\t\t\t<\/a>\n\t\t\t\t\t<\/h3>\n\t\t\t\t\n\t\t\t\t\n\t\t\t<\/div>\n\t\t\t\n\t\t<\/div>\n\t\t\t\t\t\t<\/div>\n\t\t\t\t<\/div>\n\t\t\t\t\t<\/div>\n\t\t<\/div>\n\t\t\t\t<div class=\"elementor-column elementor-col-50 elementor-inner-column elementor-element elementor-element-75431b5\" data-id=\"75431b5\" data-element_type=\"column\" data-settings=\"{&quot;background_background&quot;:&quot;classic&quot;}\">\n\t\t\t<div class=\"elementor-widget-wrap elementor-element-populated\">\n\t\t\t\t\t\t<div class=\"elementor-element elementor-element-ff4108a elementor-widget elementor-widget-image\" data-id=\"ff4108a\" data-element_type=\"widget\" data-widget_type=\"image.default\">\n\t\t\t\t<div class=\"elementor-widget-container\">\n\t\t\t\t\t\t\t\t\t\t\t\t\t\t\t<img decoding=\"async\" src=\"https:\/\/instaventventanas.es\/wp-content\/uploads\/2023\/09\/pexels-pavel-chernonogov-4025501-scaled.jpg\" title=\"pexels-pavel-chernonogov-4025501\" alt=\"pexels-pavel-chernonogov-4025501\" loading=\"lazy\" \/>\t\t\t\t\t\t\t\t\t\t\t\t\t\t\t<\/div>\n\t\t\t\t<\/div>\n\t\t\t\t<div class=\"elementor-element elementor-element-a4abea5 elementor-view-default elementor-position-top elementor-mobile-position-top elementor-widget elementor-widget-icon-box\" data-id=\"a4abea5\" data-element_type=\"widget\" data-widget_type=\"icon-box.default\">\n\t\t\t\t<div class=\"elementor-widget-container\">\n\t\t\t\t\t\t\t<div class=\"elementor-icon-box-wrapper\">\n\n\t\t\t\t\t\t<div class=\"elementor-icon-box-icon\">\n\t\t\t\t<a href=\"https:\/\/demosites.io\/neve-industrial\/neve-industrial-service-details\/\" class=\"elementor-icon\" tabindex=\"-1\" aria-label=\"Colocaci\u00f3n en obra\">\n\t\t\t\t<i aria-hidden=\"true\" class=\"fas fa-hard-hat\"><\/i>\t\t\t\t<\/a>\n\t\t\t<\/div>\n\t\t\t\n\t\t\t\t\t\t<div class=\"elementor-icon-box-content\">\n\n\t\t\t\t\t\t\t\t\t<h3 class=\"elementor-icon-box-title\">\n\t\t\t\t\t\t<a href=\"https:\/\/demosites.io\/neve-industrial\/neve-industrial-service-details\/\" >\n\t\t\t\t\t\t\tColocaci\u00f3n en obra\t\t\t\t\t\t<\/a>\n\t\t\t\t\t<\/h3>\n\t\t\t\t\n\t\t\t\t\n\t\t\t<\/div>\n\t\t\t\n\t\t<\/div>\n\t\t\t\t\t\t<\/div>\n\t\t\t\t<\/div>\n\t\t\t\t\t<\/div>\n\t\t<\/div>\n\t\t\t\t\t<\/div>\n\t\t<\/section>\n\t\t\t\t\t<\/div>\n\t\t<\/div>\n\t\t\t\t\t<\/div>\n\t\t<\/section>\n\t\t\t\t<\/div>","protected":false},"excerpt":{"rendered":"<p>Servicios DAMOS FORMA A TUS NECESIDADES A\u00f1os de experiencia y mejora Carpinter\u00eda met\u00e1lica Ventanas de aluminio Vidrios Portales de Cierre de Fincas PVC Colocaci\u00f3n en obra<\/p>","protected":false},"author":1,"featured_media":0,"parent":0,"menu_order":0,"comment_status":"closed","ping_status":"closed","template":"page-templates\/template-pagebuilder-full-width.php","meta":{"neve_meta_sidebar":"full-width","neve_meta_container":"default","neve_meta_enable_content_width":"on","neve_meta_content_width":100,"neve_meta_title_alignment":"","neve_meta_author_avatar":"","neve_post_elements_order":"","neve_meta_disable_header":"off","neve_meta_disable_footer":"off","neve_meta_disable_title":"off","neve_meta_reading_time":"","_ti_tpc_template_sync":false,"_ti_tpc_template_id":"izohb2lvhgtzy9go2euj","footnotes":""},"class_list":["post-485","page","type-page","status-publish","hentry"],"yoast_head":"<!-- This site is optimized with the Yoast SEO plugin v20.11 - https:\/\/yoast.com\/wordpress\/plugins\/seo\/ -->\n<title>Servicios - Instavent Ventanas<\/title>\n<meta name=\"description\" content=\"Nuestro compromiso es brindar productos duraderos y funcionales, adaptados a las necesidades de nuestros clientes, y garantizando un acabado impecable en cada proyecto.\" \/>\n<meta name=\"robots\" content=\"index, follow, max-snippet:-1, max-image-preview:large, max-video-preview:-1\" \/>\n<link rel=\"canonical\" href=\"https:\/\/instaventventanas.es\/gl\/servicios\/\" \/>\n<meta property=\"og:locale\" content=\"gl_ES\" \/>\n<meta property=\"og:type\" content=\"article\" \/>\n<meta property=\"og:title\" content=\"Servicios - Instavent Ventanas\" \/>\n<meta property=\"og:description\" content=\"Nuestro compromiso es brindar productos duraderos y funcionales, adaptados a las necesidades de nuestros clientes, y garantizando un acabado impecable en cada proyecto.\" \/>\n<meta property=\"og:url\" content=\"https:\/\/instaventventanas.es\/gl\/servicios\/\" \/>\n<meta property=\"og:site_name\" content=\"Instavent Ventanas\" \/>\n<meta property=\"article:modified_time\" content=\"2023-10-16T20:26:47+00:00\" \/>\n<meta property=\"og:image\" content=\"http:\/\/instaventventanas.es\/wp-content\/uploads\/elementor\/thumbs\/pexels-anna-shvets-5711092-scaled-qd0rytmrwrs55cgerrtu7u65h5jl7e9d3ck3o1bf08.jpg\" \/>\n<meta name=\"twitter:card\" content=\"summary_large_image\" \/>\n<meta name=\"twitter:label1\" content=\"Tempo de lectura\" \/>\n\t<meta name=\"twitter:data1\" content=\"2 minutos\" \/>\n<script type=\"application\/ld+json\" class=\"yoast-schema-graph\">{\"@context\":\"https:\/\/schema.org\",\"@graph\":[{\"@type\":\"WebPage\",\"@id\":\"https:\/\/instaventventanas.es\/servicios\/\",\"url\":\"https:\/\/instaventventanas.es\/servicios\/\",\"name\":\"Servicios - Instavent Ventanas\",\"isPartOf\":{\"@id\":\"https:\/\/instaventventanas.es\/#website\"},\"datePublished\":\"2019-12-16T13:41:02+00:00\",\"dateModified\":\"2023-10-16T20:26:47+00:00\",\"description\":\"Nuestro compromiso es brindar productos duraderos y funcionales, adaptados a las necesidades de nuestros clientes, y garantizando un acabado impecable en cada proyecto.\",\"breadcrumb\":{\"@id\":\"https:\/\/instaventventanas.es\/servicios\/#breadcrumb\"},\"inLanguage\":\"gl-ES\",\"potentialAction\":[{\"@type\":\"ReadAction\",\"target\":[\"https:\/\/instaventventanas.es\/servicios\/\"]}]},{\"@type\":\"BreadcrumbList\",\"@id\":\"https:\/\/instaventventanas.es\/servicios\/#breadcrumb\",\"itemListElement\":[{\"@type\":\"ListItem\",\"position\":1,\"name\":\"Portada\",\"item\":\"https:\/\/instaventventanas.es\/\"},{\"@type\":\"ListItem\",\"position\":2,\"name\":\"Servicios\"}]},{\"@type\":\"WebSite\",\"@id\":\"https:\/\/instaventventanas.es\/#website\",\"url\":\"https:\/\/instaventventanas.es\/\",\"name\":\"Instavent Ventanas\",\"description\":\"Instavent Ventanas\",\"publisher\":{\"@id\":\"https:\/\/instaventventanas.es\/#organization\"},\"potentialAction\":[{\"@type\":\"SearchAction\",\"target\":{\"@type\":\"EntryPoint\",\"urlTemplate\":\"https:\/\/instaventventanas.es\/?s={search_term_string}\"},\"query-input\":\"required name=search_term_string\"}],\"inLanguage\":\"gl-ES\"},{\"@type\":\"Organization\",\"@id\":\"https:\/\/instaventventanas.es\/#organization\",\"name\":\"Instavent Ventanas\",\"url\":\"https:\/\/instaventventanas.es\/\",\"logo\":{\"@type\":\"ImageObject\",\"inLanguage\":\"gl-ES\",\"@id\":\"https:\/\/instaventventanas.es\/#\/schema\/logo\/image\/\",\"url\":\"http:\/\/instaventventanas.es\/wp-content\/uploads\/2023\/05\/LOGO-1-1.jpg\",\"contentUrl\":\"http:\/\/instaventventanas.es\/wp-content\/uploads\/2023\/05\/LOGO-1-1.jpg\",\"width\":1008,\"height\":652,\"caption\":\"Instavent Ventanas\"},\"image\":{\"@id\":\"https:\/\/instaventventanas.es\/#\/schema\/logo\/image\/\"}}]}<\/script>\n<!-- \/ Yoast SEO plugin. -->","yoast_head_json":{"title":"Servicios - Instavent Ventanas","description":"Nuestro compromiso es brindar productos duraderos y funcionales, adaptados a las necesidades de nuestros clientes, y garantizando un acabado impecable en cada proyecto.","robots":{"index":"index","follow":"follow","max-snippet":"max-snippet:-1","max-image-preview":"max-image-preview:large","max-video-preview":"max-video-preview:-1"},"canonical":"https:\/\/instaventventanas.es\/gl\/servicios\/","og_locale":"gl_ES","og_type":"article","og_title":"Servicios - Instavent Ventanas","og_description":"Nuestro compromiso es brindar productos duraderos y funcionales, adaptados a las necesidades de nuestros clientes, y garantizando un acabado impecable en cada proyecto.","og_url":"https:\/\/instaventventanas.es\/gl\/servicios\/","og_site_name":"Instavent Ventanas","article_modified_time":"2023-10-16T20:26:47+00:00","og_image":[{"url":"http:\/\/instaventventanas.es\/wp-content\/uploads\/elementor\/thumbs\/pexels-anna-shvets-5711092-scaled-qd0rytmrwrs55cgerrtu7u65h5jl7e9d3ck3o1bf08.jpg"}],"twitter_card":"summary_large_image","twitter_misc":{"Tempo de lectura":"2 minutos"},"schema":{"@context":"https:\/\/schema.org","@graph":[{"@type":"WebPage","@id":"https:\/\/instaventventanas.es\/servicios\/","url":"https:\/\/instaventventanas.es\/servicios\/","name":"Servicios - Instavent Ventanas","isPartOf":{"@id":"https:\/\/instaventventanas.es\/#website"},"datePublished":"2019-12-16T13:41:02+00:00","dateModified":"2023-10-16T20:26:47+00:00","description":"Nuestro compromiso es brindar productos duraderos y funcionales, adaptados a las necesidades de nuestros clientes, y garantizando un acabado impecable en cada proyecto.","breadcrumb":{"@id":"https:\/\/instaventventanas.es\/servicios\/#breadcrumb"},"inLanguage":"gl-ES","potentialAction":[{"@type":"ReadAction","target":["https:\/\/instaventventanas.es\/servicios\/"]}]},{"@type":"BreadcrumbList","@id":"https:\/\/instaventventanas.es\/servicios\/#breadcrumb","itemListElement":[{"@type":"ListItem","position":1,"name":"Portada","item":"https:\/\/instaventventanas.es\/"},{"@type":"ListItem","position":2,"name":"Servicios"}]},{"@type":"WebSite","@id":"https:\/\/instaventventanas.es\/#website","url":"https:\/\/instaventventanas.es\/","name":"Instavent Ventanas","description":"Instavent Ventanas","publisher":{"@id":"https:\/\/instaventventanas.es\/#organization"},"potentialAction":[{"@type":"SearchAction","target":{"@type":"EntryPoint","urlTemplate":"https:\/\/instaventventanas.es\/?s={search_term_string}"},"query-input":"required name=search_term_string"}],"inLanguage":"gl-ES"},{"@type":"Organization","@id":"https:\/\/instaventventanas.es\/#organization","name":"Instavent Ventanas","url":"https:\/\/instaventventanas.es\/","logo":{"@type":"ImageObject","inLanguage":"gl-ES","@id":"https:\/\/instaventventanas.es\/#\/schema\/logo\/image\/","url":"http:\/\/instaventventanas.es\/wp-content\/uploads\/2023\/05\/LOGO-1-1.jpg","contentUrl":"http:\/\/instaventventanas.es\/wp-content\/uploads\/2023\/05\/LOGO-1-1.jpg","width":1008,"height":652,"caption":"Instavent Ventanas"},"image":{"@id":"https:\/\/instaventventanas.es\/#\/schema\/logo\/image\/"}}]}},"_links":{"self":[{"href":"https:\/\/instaventventanas.es\/gl\/wp-json\/wp\/v2\/pages\/485","targetHints":{"allow":["GET"]}}],"collection":[{"href":"https:\/\/instaventventanas.es\/gl\/wp-json\/wp\/v2\/pages"}],"about":[{"href":"https:\/\/instaventventanas.es\/gl\/wp-json\/wp\/v2\/types\/page"}],"author":[{"embeddable":true,"href":"https:\/\/instaventventanas.es\/gl\/wp-json\/wp\/v2\/users\/1"}],"replies":[{"embeddable":true,"href":"https:\/\/instaventventanas.es\/gl\/wp-json\/wp\/v2\/comments?post=485"}],"version-history":[{"count":15,"href":"https:\/\/instaventventanas.es\/gl\/wp-json\/wp\/v2\/pages\/485\/revisions"}],"predecessor-version":[{"id":703,"href":"https:\/\/instaventventanas.es\/gl\/wp-json\/wp\/v2\/pages\/485\/revisions\/703"}],"wp:attachment":[{"href":"https:\/\/instaventventanas.es\/gl\/wp-json\/wp\/v2\/media?parent=485"}],"curies":[{"name":"wp","href":"https:\/\/api.w.org\/{rel}","templated":true}]}}